{"id":556,"date":"2016-11-03T11:09:11","date_gmt":"2016-11-03T10:09:11","guid":{"rendered":"https:\/\/www.sypla.com\/?page_id=556&#038;lang=de"},"modified":"2021-09-20T13:13:49","modified_gmt":"2021-09-20T11:13:49","slug":"haendler-von-sypla-international","status":"publish","type":"page","link":"https:\/\/www.sypla.com\/de\/uber-sypla\/haendler-von-sypla-international\/","title":{"rendered":"H\u00e4ndler von Sypla International"},"content":{"rendered":"<p>Sypla International BV liefert nur \u00fcber einen ger\u00e4umigen ausgew\u00e4hlten internationalen H\u00e4ndlernetz . Die Palette der Produkte werden von dieser sehr erfahrene H\u00e4ndler in verschiedenen Projekten eingesetzt. Unsere H\u00e4ndler rechnen mit professionelle Unterst\u00fctzung von einem Experten unseren Organisation.<\/p>\n<p>Um einen Termin mit einem Sypla H\u00e4ndler in Ihrer N\u00e4he zu machen, k\u00f6nnen Sie das Kontaktformular benutzen. Wir sorgen daf\u00fcr, dass ein Fachh\u00e4ndler in Ihrer N\u00e4he Ihnen Kontaktiert.<\/p>\n<p>Interessieren Sie sich als Sypla H\u00e4ndler?<br \/>\nWir suchen noch f\u00fcr\u00a0 mehreren europ\u00e4ischen L\u00e4ndern einige neue H\u00e4ndler. Informieren Sie sich \u00fcber die M\u00f6glichkeiten die Sypla International BV Ihrem Unternehmen zu bieten hat.<\/p>\n<p>Bitte Hinterlassen Sie Ihre Kontaktdaten <a href=\"https:\/\/www.sypla.com\/kontakt\/?lang=de\">hier<\/a>, damit wir Ihnen kontaktieren k\u00f6nnen.<\/p>\n<p>&nbsp;<\/p>\n","protected":false},"excerpt":{"rendered":"<p>Sypla International BV liefert nur \u00fcber einen ger\u00e4umigen ausgew\u00e4hlten internationalen H\u00e4ndlernetz . Die Palette der Produkte werden von dieser sehr erfahrene H\u00e4ndler in verschiedenen Projekten eingesetzt. Unsere H\u00e4ndler rechnen mit [&hellip;]<\/p>\n","protected":false},"author":3,"featured_media":588,"parent":554,"menu_order":0,"comment_status":"closed","ping_status":"closed","template":"","meta":{"_genesis_hide_title":false,"_genesis_hide_breadcrumbs":false,"_genesis_hide_singular_image":false,"_genesis_hide_footer_widgets":false,"_genesis_custom_body_class":"","_genesis_custom_post_class":"","_genesis_layout":"","footnotes":""},"class_list":{"0":"post-556","1":"page","2":"type-page","3":"status-publish","4":"has-post-thumbnail","6":"entry"},"yoast_head":"<!-- This site is optimized with the Yoast SEO plugin v27.3 - https:\/\/yoast.com\/product\/yoast-seo-wordpress\/ -->\n<title>H\u00e4ndler von Sypla International | Sypla<\/title>\n<meta name=\"robots\" content=\"index, follow, max-snippet:-1, max-image-preview:large, max-video-preview:-1\" \/>\n<link rel=\"canonical\" href=\"https:\/\/www.sypla.com\/de\/uber-sypla\/haendler-von-sypla-international\/\" \/>\n<meta property=\"og:locale\" content=\"de_DE\" \/>\n<meta property=\"og:type\" content=\"article\" \/>\n<meta property=\"og:title\" content=\"H\u00e4ndler von Sypla International | Sypla\" \/>\n<meta property=\"og:description\" content=\"Sypla International BV liefert nur \u00fcber einen ger\u00e4umigen ausgew\u00e4hlten internationalen H\u00e4ndlernetz . Die Palette der Produkte werden von dieser sehr erfahrene H\u00e4ndler in verschiedenen Projekten eingesetzt. Unsere H\u00e4ndler rechnen mit [&hellip;]\" \/>\n<meta property=\"og:url\" content=\"https:\/\/www.sypla.com\/de\/uber-sypla\/haendler-von-sypla-international\/\" \/>\n<meta property=\"og:site_name\" content=\"Sypla\" \/>\n<meta property=\"article:modified_time\" content=\"2021-09-20T11:13:49+00:00\" \/>\n<meta property=\"og:image\" content=\"https:\/\/www.sypla.com\/wp-content\/uploads\/2016\/03\/design.jpg\" \/>\n\t<meta property=\"og:image:width\" content=\"300\" \/>\n\t<meta property=\"og:image:height\" content=\"100\" \/>\n\t<meta property=\"og:image:type\" content=\"image\/jpeg\" \/>\n<meta name=\"twitter:card\" content=\"summary_large_image\" \/>\n<meta name=\"twitter:site\" content=\"@SyplaWanden\" \/>\n<meta name=\"twitter:label1\" content=\"Gesch\u00e4tzte Lesezeit\" \/>\n\t<meta name=\"twitter:data1\" content=\"1\u00a0Minute\" \/>\n<script type=\"application\/ld+json\" class=\"yoast-schema-graph\">{\"@context\":\"https:\\\/\\\/schema.org\",\"@graph\":[{\"@type\":\"WebPage\",\"@id\":\"https:\\\/\\\/www.sypla.com\\\/de\\\/uber-sypla\\\/haendler-von-sypla-international\\\/\",\"url\":\"https:\\\/\\\/www.sypla.com\\\/de\\\/uber-sypla\\\/haendler-von-sypla-international\\\/\",\"name\":\"H\u00e4ndler von Sypla International | Sypla\",\"isPartOf\":{\"@id\":\"https:\\\/\\\/www.sypla.com\\\/#website\"},\"primaryImageOfPage\":{\"@id\":\"https:\\\/\\\/www.sypla.com\\\/de\\\/uber-sypla\\\/haendler-von-sypla-international\\\/#primaryimage\"},\"image\":{\"@id\":\"https:\\\/\\\/www.sypla.com\\\/de\\\/uber-sypla\\\/haendler-von-sypla-international\\\/#primaryimage\"},\"thumbnailUrl\":\"https:\\\/\\\/www.sypla.com\\\/wp-content\\\/uploads\\\/2016\\\/03\\\/design.jpg\",\"datePublished\":\"2016-11-03T10:09:11+00:00\",\"dateModified\":\"2021-09-20T11:13:49+00:00\",\"breadcrumb\":{\"@id\":\"https:\\\/\\\/www.sypla.com\\\/de\\\/uber-sypla\\\/haendler-von-sypla-international\\\/#breadcrumb\"},\"inLanguage\":\"de\",\"potentialAction\":[{\"@type\":\"ReadAction\",\"target\":[\"https:\\\/\\\/www.sypla.com\\\/de\\\/uber-sypla\\\/haendler-von-sypla-international\\\/\"]}]},{\"@type\":\"ImageObject\",\"inLanguage\":\"de\",\"@id\":\"https:\\\/\\\/www.sypla.com\\\/de\\\/uber-sypla\\\/haendler-von-sypla-international\\\/#primaryimage\",\"url\":\"https:\\\/\\\/www.sypla.com\\\/wp-content\\\/uploads\\\/2016\\\/03\\\/design.jpg\",\"contentUrl\":\"https:\\\/\\\/www.sypla.com\\\/wp-content\\\/uploads\\\/2016\\\/03\\\/design.jpg\",\"width\":300,\"height\":100,\"caption\":\"maatwerk voor u\"},{\"@type\":\"BreadcrumbList\",\"@id\":\"https:\\\/\\\/www.sypla.com\\\/de\\\/uber-sypla\\\/haendler-von-sypla-international\\\/#breadcrumb\",\"itemListElement\":[{\"@type\":\"ListItem\",\"position\":1,\"name\":\"Home\",\"item\":\"https:\\\/\\\/www.sypla.com\\\/de\\\/startseite\\\/\"},{\"@type\":\"ListItem\",\"position\":2,\"name\":\"\u00dcber Sypla\",\"item\":\"https:\\\/\\\/www.sypla.com\\\/de\\\/uber-sypla\\\/\"},{\"@type\":\"ListItem\",\"position\":3,\"name\":\"H\u00e4ndler von Sypla International\"}]},{\"@type\":\"WebSite\",\"@id\":\"https:\\\/\\\/www.sypla.com\\\/#website\",\"url\":\"https:\\\/\\\/www.sypla.com\\\/\",\"name\":\"Sypla\",\"description\":\"\",\"publisher\":{\"@id\":\"https:\\\/\\\/www.sypla.com\\\/#organization\"},\"potentialAction\":[{\"@type\":\"SearchAction\",\"target\":{\"@type\":\"EntryPoint\",\"urlTemplate\":\"https:\\\/\\\/www.sypla.com\\\/?s={search_term_string}\"},\"query-input\":{\"@type\":\"PropertyValueSpecification\",\"valueRequired\":true,\"valueName\":\"search_term_string\"}}],\"inLanguage\":\"de\"},{\"@type\":\"Organization\",\"@id\":\"https:\\\/\\\/www.sypla.com\\\/#organization\",\"name\":\"Sypla\",\"url\":\"https:\\\/\\\/www.sypla.com\\\/\",\"logo\":{\"@type\":\"ImageObject\",\"inLanguage\":\"de\",\"@id\":\"https:\\\/\\\/www.sypla.com\\\/#\\\/schema\\\/logo\\\/image\\\/\",\"url\":\"https:\\\/\\\/www.sypla.com\\\/wp-content\\\/uploads\\\/2016\\\/07\\\/Sypla.png\",\"contentUrl\":\"https:\\\/\\\/www.sypla.com\\\/wp-content\\\/uploads\\\/2016\\\/07\\\/Sypla.png\",\"width\":183,\"height\":46,\"caption\":\"Sypla\"},\"image\":{\"@id\":\"https:\\\/\\\/www.sypla.com\\\/#\\\/schema\\\/logo\\\/image\\\/\"},\"sameAs\":[\"https:\\\/\\\/x.com\\\/SyplaWanden\"]}]}<\/script>\n<!-- \/ Yoast SEO plugin. -->","yoast_head_json":{"title":"H\u00e4ndler von Sypla International | Sypla","robots":{"index":"index","follow":"follow","max-snippet":"max-snippet:-1","max-image-preview":"max-image-preview:large","max-video-preview":"max-video-preview:-1"},"canonical":"https:\/\/www.sypla.com\/de\/uber-sypla\/haendler-von-sypla-international\/","og_locale":"de_DE","og_type":"article","og_title":"H\u00e4ndler von Sypla International | Sypla","og_description":"Sypla International BV liefert nur \u00fcber einen ger\u00e4umigen ausgew\u00e4hlten internationalen H\u00e4ndlernetz . Die Palette der Produkte werden von dieser sehr erfahrene H\u00e4ndler in verschiedenen Projekten eingesetzt. Unsere H\u00e4ndler rechnen mit [&hellip;]","og_url":"https:\/\/www.sypla.com\/de\/uber-sypla\/haendler-von-sypla-international\/","og_site_name":"Sypla","article_modified_time":"2021-09-20T11:13:49+00:00","og_image":[{"width":300,"height":100,"url":"https:\/\/www.sypla.com\/wp-content\/uploads\/2016\/03\/design.jpg","type":"image\/jpeg"}],"twitter_card":"summary_large_image","twitter_site":"@SyplaWanden","twitter_misc":{"Gesch\u00e4tzte Lesezeit":"1\u00a0Minute"},"schema":{"@context":"https:\/\/schema.org","@graph":[{"@type":"WebPage","@id":"https:\/\/www.sypla.com\/de\/uber-sypla\/haendler-von-sypla-international\/","url":"https:\/\/www.sypla.com\/de\/uber-sypla\/haendler-von-sypla-international\/","name":"H\u00e4ndler von Sypla International | Sypla","isPartOf":{"@id":"https:\/\/www.sypla.com\/#website"},"primaryImageOfPage":{"@id":"https:\/\/www.sypla.com\/de\/uber-sypla\/haendler-von-sypla-international\/#primaryimage"},"image":{"@id":"https:\/\/www.sypla.com\/de\/uber-sypla\/haendler-von-sypla-international\/#primaryimage"},"thumbnailUrl":"https:\/\/www.sypla.com\/wp-content\/uploads\/2016\/03\/design.jpg","datePublished":"2016-11-03T10:09:11+00:00","dateModified":"2021-09-20T11:13:49+00:00","breadcrumb":{"@id":"https:\/\/www.sypla.com\/de\/uber-sypla\/haendler-von-sypla-international\/#breadcrumb"},"inLanguage":"de","potentialAction":[{"@type":"ReadAction","target":["https:\/\/www.sypla.com\/de\/uber-sypla\/haendler-von-sypla-international\/"]}]},{"@type":"ImageObject","inLanguage":"de","@id":"https:\/\/www.sypla.com\/de\/uber-sypla\/haendler-von-sypla-international\/#primaryimage","url":"https:\/\/www.sypla.com\/wp-content\/uploads\/2016\/03\/design.jpg","contentUrl":"https:\/\/www.sypla.com\/wp-content\/uploads\/2016\/03\/design.jpg","width":300,"height":100,"caption":"maatwerk voor u"},{"@type":"BreadcrumbList","@id":"https:\/\/www.sypla.com\/de\/uber-sypla\/haendler-von-sypla-international\/#breadcrumb","itemListElement":[{"@type":"ListItem","position":1,"name":"Home","item":"https:\/\/www.sypla.com\/de\/startseite\/"},{"@type":"ListItem","position":2,"name":"\u00dcber Sypla","item":"https:\/\/www.sypla.com\/de\/uber-sypla\/"},{"@type":"ListItem","position":3,"name":"H\u00e4ndler von Sypla International"}]},{"@type":"WebSite","@id":"https:\/\/www.sypla.com\/#website","url":"https:\/\/www.sypla.com\/","name":"Sypla","description":"","publisher":{"@id":"https:\/\/www.sypla.com\/#organization"},"potentialAction":[{"@type":"SearchAction","target":{"@type":"EntryPoint","urlTemplate":"https:\/\/www.sypla.com\/?s={search_term_string}"},"query-input":{"@type":"PropertyValueSpecification","valueRequired":true,"valueName":"search_term_string"}}],"inLanguage":"de"},{"@type":"Organization","@id":"https:\/\/www.sypla.com\/#organization","name":"Sypla","url":"https:\/\/www.sypla.com\/","logo":{"@type":"ImageObject","inLanguage":"de","@id":"https:\/\/www.sypla.com\/#\/schema\/logo\/image\/","url":"https:\/\/www.sypla.com\/wp-content\/uploads\/2016\/07\/Sypla.png","contentUrl":"https:\/\/www.sypla.com\/wp-content\/uploads\/2016\/07\/Sypla.png","width":183,"height":46,"caption":"Sypla"},"image":{"@id":"https:\/\/www.sypla.com\/#\/schema\/logo\/image\/"},"sameAs":["https:\/\/x.com\/SyplaWanden"]}]}},"_links":{"self":[{"href":"https:\/\/www.sypla.com\/de\/wp-json\/wp\/v2\/pages\/556","targetHints":{"allow":["GET"]}}],"collection":[{"href":"https:\/\/www.sypla.com\/de\/wp-json\/wp\/v2\/pages"}],"about":[{"href":"https:\/\/www.sypla.com\/de\/wp-json\/wp\/v2\/types\/page"}],"author":[{"embeddable":true,"href":"https:\/\/www.sypla.com\/de\/wp-json\/wp\/v2\/users\/3"}],"replies":[{"embeddable":true,"href":"https:\/\/www.sypla.com\/de\/wp-json\/wp\/v2\/comments?post=556"}],"version-history":[{"count":2,"href":"https:\/\/www.sypla.com\/de\/wp-json\/wp\/v2\/pages\/556\/revisions"}],"predecessor-version":[{"id":1543,"href":"https:\/\/www.sypla.com\/de\/wp-json\/wp\/v2\/pages\/556\/revisions\/1543"}],"up":[{"embeddable":true,"href":"https:\/\/www.sypla.com\/de\/wp-json\/wp\/v2\/pages\/554"}],"wp:featuredmedia":[{"embeddable":true,"href":"https:\/\/www.sypla.com\/de\/wp-json\/wp\/v2\/media\/588"}],"wp:attachment":[{"href":"https:\/\/www.sypla.com\/de\/wp-json\/wp\/v2\/media?parent=556"}],"curies":[{"name":"wp","href":"https:\/\/api.w.org\/{rel}","templated":true}]}}