{"id":554,"date":"2016-11-03T11:01:45","date_gmt":"2016-11-03T10:01:45","guid":{"rendered":"https:\/\/www.sypla.com\/?page_id=554&#038;lang=de"},"modified":"2021-09-20T12:34:31","modified_gmt":"2021-09-20T10:34:31","slug":"uber-sypla","status":"publish","type":"page","link":"https:\/\/www.sypla.com\/de\/uber-sypla\/","title":{"rendered":"\u00dcber Sypla"},"content":{"rendered":"<p>Mit mehr als 40 Jahren Erfahrung ist Sypla International BV ein f\u00fchrendes Unternehmen, spezialisiert in Engineering, Produktion und Lieferung von Aluminium-Trennw\u00e4nden und Reinraumwand und Decken.<\/p>\n<p>Seit 2005 ist Sypla Teil der Wanpla Holding, und befindet sich in einem ger\u00e4umigen und modernen Geb\u00e4ude in Kampen.<\/p>\n<p>Hier sind alle Einrichtungen gemacht, Auftr\u00e4ge f\u00fcr die internationale Kundschaft zu verarbeiten. Profile und Komponenten der unterschiedlichen Typen von Trennw\u00e4nden sind reichlich best\u00fcckt.<br \/>\nDie umfangreiche Maschinenzahl mit unter anderem eine moderne CNC-Maschine, macht es m\u00f6glich, alle denkbaren Vorg\u00e4nge im Haus durchf\u00fchren zu k\u00f6nnen um kundenspezifische Profile zu liefern.<\/p>\n<p>Sypla liefert seine Produkte ausschlie\u00dflich \u00fcber den Fachhandel. Diese ausgew\u00e4hlten Spezialisten beauftragen Produkte vollst\u00e4ndig nach mass f\u00fcr Projektauftr\u00e4gen, oder in vollen Produktionsl\u00e4ngen. Durch kurze Linien zwischen den verschiedenen Abteilungen ist Sypla in der Lage, sehr kurzfristig zu liefern.<\/p>\n<p>Auf dieser Seite finden Sie ausf\u00fchrliche Informationen \u00fcber unsere Produkte durch das Men\u00fc in der oberen Leiste.<\/p>\n<p>Architekten und H\u00e4ndler haben zus\u00e4tzlich die M\u00f6glichkeit, detaillierte Produktinformationen\u00a0auf Nachfrage von uns zu bekommen.<\/p>\n","protected":false},"excerpt":{"rendered":"<p>Mit mehr als 40 Jahren Erfahrung ist Sypla International BV ein f\u00fchrendes Unternehmen, spezialisiert in Engineering, Produktion und Lieferung von Aluminium-Trennw\u00e4nden und Reinraumwand und Decken. Seit 2005 ist Sypla Teil [&hellip;]<\/p>\n","protected":false},"author":3,"featured_media":658,"parent":0,"menu_order":0,"comment_status":"closed","ping_status":"closed","template":"","meta":{"_genesis_hide_title":false,"_genesis_hide_breadcrumbs":false,"_genesis_hide_singular_image":false,"_genesis_hide_footer_widgets":false,"_genesis_custom_body_class":"","_genesis_custom_post_class":"","_genesis_layout":"","footnotes":""},"class_list":{"0":"post-554","1":"page","2":"type-page","3":"status-publish","4":"has-post-thumbnail","6":"entry"},"yoast_head":"<!-- This site is optimized with the Yoast SEO plugin v27.3 - https:\/\/yoast.com\/product\/yoast-seo-wordpress\/ -->\n<title>\u00dcber Sypla | Sypla<\/title>\n<meta name=\"robots\" content=\"index, follow, max-snippet:-1, max-image-preview:large, max-video-preview:-1\" \/>\n<link rel=\"canonical\" href=\"https:\/\/www.sypla.com\/de\/uber-sypla\/\" \/>\n<meta property=\"og:locale\" content=\"de_DE\" \/>\n<meta property=\"og:type\" content=\"article\" \/>\n<meta property=\"og:title\" content=\"\u00dcber Sypla | Sypla\" \/>\n<meta property=\"og:description\" content=\"Mit mehr als 40 Jahren Erfahrung ist Sypla International BV ein f\u00fchrendes Unternehmen, spezialisiert in Engineering, Produktion und Lieferung von Aluminium-Trennw\u00e4nden und Reinraumwand und Decken. Seit 2005 ist Sypla Teil [&hellip;]\" \/>\n<meta property=\"og:url\" content=\"https:\/\/www.sypla.com\/de\/uber-sypla\/\" \/>\n<meta property=\"og:site_name\" content=\"Sypla\" \/>\n<meta property=\"article:modified_time\" content=\"2021-09-20T10:34:31+00:00\" \/>\n<meta property=\"og:image\" content=\"https:\/\/www.sypla.com\/wp-content\/uploads\/2016\/03\/P2180521.jpg\" \/>\n\t<meta property=\"og:image:width\" content=\"3648\" \/>\n\t<meta property=\"og:image:height\" content=\"2736\" \/>\n\t<meta property=\"og:image:type\" content=\"image\/jpeg\" \/>\n<meta name=\"twitter:card\" content=\"summary_large_image\" \/>\n<meta name=\"twitter:site\" content=\"@SyplaWanden\" \/>\n<meta name=\"twitter:label1\" content=\"Gesch\u00e4tzte Lesezeit\" \/>\n\t<meta name=\"twitter:data1\" content=\"1\u00a0Minute\" \/>\n<script type=\"application\/ld+json\" class=\"yoast-schema-graph\">{\"@context\":\"https:\\\/\\\/schema.org\",\"@graph\":[{\"@type\":\"WebPage\",\"@id\":\"https:\\\/\\\/www.sypla.com\\\/de\\\/uber-sypla\\\/\",\"url\":\"https:\\\/\\\/www.sypla.com\\\/de\\\/uber-sypla\\\/\",\"name\":\"\u00dcber Sypla | Sypla\",\"isPartOf\":{\"@id\":\"https:\\\/\\\/www.sypla.com\\\/#website\"},\"primaryImageOfPage\":{\"@id\":\"https:\\\/\\\/www.sypla.com\\\/de\\\/uber-sypla\\\/#primaryimage\"},\"image\":{\"@id\":\"https:\\\/\\\/www.sypla.com\\\/de\\\/uber-sypla\\\/#primaryimage\"},\"thumbnailUrl\":\"https:\\\/\\\/www.sypla.com\\\/wp-content\\\/uploads\\\/2016\\\/03\\\/P2180521.jpg\",\"datePublished\":\"2016-11-03T10:01:45+00:00\",\"dateModified\":\"2021-09-20T10:34:31+00:00\",\"breadcrumb\":{\"@id\":\"https:\\\/\\\/www.sypla.com\\\/de\\\/uber-sypla\\\/#breadcrumb\"},\"inLanguage\":\"de\",\"potentialAction\":[{\"@type\":\"ReadAction\",\"target\":[\"https:\\\/\\\/www.sypla.com\\\/de\\\/uber-sypla\\\/\"]}]},{\"@type\":\"ImageObject\",\"inLanguage\":\"de\",\"@id\":\"https:\\\/\\\/www.sypla.com\\\/de\\\/uber-sypla\\\/#primaryimage\",\"url\":\"https:\\\/\\\/www.sypla.com\\\/wp-content\\\/uploads\\\/2016\\\/03\\\/P2180521.jpg\",\"contentUrl\":\"https:\\\/\\\/www.sypla.com\\\/wp-content\\\/uploads\\\/2016\\\/03\\\/P2180521.jpg\",\"width\":3648,\"height\":2736,\"caption\":\"Pand Kampen\"},{\"@type\":\"BreadcrumbList\",\"@id\":\"https:\\\/\\\/www.sypla.com\\\/de\\\/uber-sypla\\\/#breadcrumb\",\"itemListElement\":[{\"@type\":\"ListItem\",\"position\":1,\"name\":\"Home\",\"item\":\"https:\\\/\\\/www.sypla.com\\\/de\\\/startseite\\\/\"},{\"@type\":\"ListItem\",\"position\":2,\"name\":\"\u00dcber Sypla\"}]},{\"@type\":\"WebSite\",\"@id\":\"https:\\\/\\\/www.sypla.com\\\/#website\",\"url\":\"https:\\\/\\\/www.sypla.com\\\/\",\"name\":\"Sypla\",\"description\":\"\",\"publisher\":{\"@id\":\"https:\\\/\\\/www.sypla.com\\\/#organization\"},\"potentialAction\":[{\"@type\":\"SearchAction\",\"target\":{\"@type\":\"EntryPoint\",\"urlTemplate\":\"https:\\\/\\\/www.sypla.com\\\/?s={search_term_string}\"},\"query-input\":{\"@type\":\"PropertyValueSpecification\",\"valueRequired\":true,\"valueName\":\"search_term_string\"}}],\"inLanguage\":\"de\"},{\"@type\":\"Organization\",\"@id\":\"https:\\\/\\\/www.sypla.com\\\/#organization\",\"name\":\"Sypla\",\"url\":\"https:\\\/\\\/www.sypla.com\\\/\",\"logo\":{\"@type\":\"ImageObject\",\"inLanguage\":\"de\",\"@id\":\"https:\\\/\\\/www.sypla.com\\\/#\\\/schema\\\/logo\\\/image\\\/\",\"url\":\"https:\\\/\\\/www.sypla.com\\\/wp-content\\\/uploads\\\/2016\\\/07\\\/Sypla.png\",\"contentUrl\":\"https:\\\/\\\/www.sypla.com\\\/wp-content\\\/uploads\\\/2016\\\/07\\\/Sypla.png\",\"width\":183,\"height\":46,\"caption\":\"Sypla\"},\"image\":{\"@id\":\"https:\\\/\\\/www.sypla.com\\\/#\\\/schema\\\/logo\\\/image\\\/\"},\"sameAs\":[\"https:\\\/\\\/x.com\\\/SyplaWanden\"]}]}<\/script>\n<!-- \/ Yoast SEO plugin. -->","yoast_head_json":{"title":"\u00dcber Sypla | Sypla","robots":{"index":"index","follow":"follow","max-snippet":"max-snippet:-1","max-image-preview":"max-image-preview:large","max-video-preview":"max-video-preview:-1"},"canonical":"https:\/\/www.sypla.com\/de\/uber-sypla\/","og_locale":"de_DE","og_type":"article","og_title":"\u00dcber Sypla | Sypla","og_description":"Mit mehr als 40 Jahren Erfahrung ist Sypla International BV ein f\u00fchrendes Unternehmen, spezialisiert in Engineering, Produktion und Lieferung von Aluminium-Trennw\u00e4nden und Reinraumwand und Decken. Seit 2005 ist Sypla Teil [&hellip;]","og_url":"https:\/\/www.sypla.com\/de\/uber-sypla\/","og_site_name":"Sypla","article_modified_time":"2021-09-20T10:34:31+00:00","og_image":[{"width":3648,"height":2736,"url":"https:\/\/www.sypla.com\/wp-content\/uploads\/2016\/03\/P2180521.jpg","type":"image\/jpeg"}],"twitter_card":"summary_large_image","twitter_site":"@SyplaWanden","twitter_misc":{"Gesch\u00e4tzte Lesezeit":"1\u00a0Minute"},"schema":{"@context":"https:\/\/schema.org","@graph":[{"@type":"WebPage","@id":"https:\/\/www.sypla.com\/de\/uber-sypla\/","url":"https:\/\/www.sypla.com\/de\/uber-sypla\/","name":"\u00dcber Sypla | Sypla","isPartOf":{"@id":"https:\/\/www.sypla.com\/#website"},"primaryImageOfPage":{"@id":"https:\/\/www.sypla.com\/de\/uber-sypla\/#primaryimage"},"image":{"@id":"https:\/\/www.sypla.com\/de\/uber-sypla\/#primaryimage"},"thumbnailUrl":"https:\/\/www.sypla.com\/wp-content\/uploads\/2016\/03\/P2180521.jpg","datePublished":"2016-11-03T10:01:45+00:00","dateModified":"2021-09-20T10:34:31+00:00","breadcrumb":{"@id":"https:\/\/www.sypla.com\/de\/uber-sypla\/#breadcrumb"},"inLanguage":"de","potentialAction":[{"@type":"ReadAction","target":["https:\/\/www.sypla.com\/de\/uber-sypla\/"]}]},{"@type":"ImageObject","inLanguage":"de","@id":"https:\/\/www.sypla.com\/de\/uber-sypla\/#primaryimage","url":"https:\/\/www.sypla.com\/wp-content\/uploads\/2016\/03\/P2180521.jpg","contentUrl":"https:\/\/www.sypla.com\/wp-content\/uploads\/2016\/03\/P2180521.jpg","width":3648,"height":2736,"caption":"Pand Kampen"},{"@type":"BreadcrumbList","@id":"https:\/\/www.sypla.com\/de\/uber-sypla\/#breadcrumb","itemListElement":[{"@type":"ListItem","position":1,"name":"Home","item":"https:\/\/www.sypla.com\/de\/startseite\/"},{"@type":"ListItem","position":2,"name":"\u00dcber Sypla"}]},{"@type":"WebSite","@id":"https:\/\/www.sypla.com\/#website","url":"https:\/\/www.sypla.com\/","name":"Sypla","description":"","publisher":{"@id":"https:\/\/www.sypla.com\/#organization"},"potentialAction":[{"@type":"SearchAction","target":{"@type":"EntryPoint","urlTemplate":"https:\/\/www.sypla.com\/?s={search_term_string}"},"query-input":{"@type":"PropertyValueSpecification","valueRequired":true,"valueName":"search_term_string"}}],"inLanguage":"de"},{"@type":"Organization","@id":"https:\/\/www.sypla.com\/#organization","name":"Sypla","url":"https:\/\/www.sypla.com\/","logo":{"@type":"ImageObject","inLanguage":"de","@id":"https:\/\/www.sypla.com\/#\/schema\/logo\/image\/","url":"https:\/\/www.sypla.com\/wp-content\/uploads\/2016\/07\/Sypla.png","contentUrl":"https:\/\/www.sypla.com\/wp-content\/uploads\/2016\/07\/Sypla.png","width":183,"height":46,"caption":"Sypla"},"image":{"@id":"https:\/\/www.sypla.com\/#\/schema\/logo\/image\/"},"sameAs":["https:\/\/x.com\/SyplaWanden"]}]}},"_links":{"self":[{"href":"https:\/\/www.sypla.com\/de\/wp-json\/wp\/v2\/pages\/554","targetHints":{"allow":["GET"]}}],"collection":[{"href":"https:\/\/www.sypla.com\/de\/wp-json\/wp\/v2\/pages"}],"about":[{"href":"https:\/\/www.sypla.com\/de\/wp-json\/wp\/v2\/types\/page"}],"author":[{"embeddable":true,"href":"https:\/\/www.sypla.com\/de\/wp-json\/wp\/v2\/users\/3"}],"replies":[{"embeddable":true,"href":"https:\/\/www.sypla.com\/de\/wp-json\/wp\/v2\/comments?post=554"}],"version-history":[{"count":4,"href":"https:\/\/www.sypla.com\/de\/wp-json\/wp\/v2\/pages\/554\/revisions"}],"predecessor-version":[{"id":1542,"href":"https:\/\/www.sypla.com\/de\/wp-json\/wp\/v2\/pages\/554\/revisions\/1542"}],"wp:featuredmedia":[{"embeddable":true,"href":"https:\/\/www.sypla.com\/de\/wp-json\/wp\/v2\/media\/658"}],"wp:attachment":[{"href":"https:\/\/www.sypla.com\/de\/wp-json\/wp\/v2\/media?parent=554"}],"curies":[{"name":"wp","href":"https:\/\/api.w.org\/{rel}","templated":true}]}}