{"id":552,"date":"2016-11-03T10:49:45","date_gmt":"2016-11-03T09:49:45","guid":{"rendered":"https:\/\/www.sypla.com\/?page_id=552&#038;lang=de"},"modified":"2025-09-22T15:12:24","modified_gmt":"2025-09-22T13:12:24","slug":"startseite","status":"publish","type":"page","link":"https:\/\/www.sypla.com\/de\/","title":{"rendered":"Startseite"},"content":{"rendered":"<p>Willkommen auf der Webseite von Sypla International BV, Hersteller bew\u00e4hrter Top-Qualit\u00e4t-Partitionen.<\/p>\n<p>Die meisten von uns werden einen gro\u00dfen Teil ihrer Zeit arbeiten, damit wir bequem leben. Es ist daher von gro\u00dfer Bedeutung, ein angenehmes Arbeitsumfeld zu schaffen.<\/p>\n<p>Form, Farbe, Material, Schalld\u00e4mpfung , Brandschutz und Belebung spielen alle eine Rolle.<\/p>\n<p>Systeemwanden und Reinraum W\u00e4nde und Decken m\u00fcssen daher Ihren Dekor Bed\u00fcrfnisse und W\u00fcnsche erf\u00fcllen.<br \/>\nSypla Produkte sind auch nachhaltig, wirtschaftlich und einfach sch\u00f6n!<\/p>\n<p>Auf dieser Seite finden Sie einen Eindruck von den M\u00f6glichkeiten, f\u00fcr weitere Informationen, m\u00f6chten wir gerne mit Ihnen in Kontakt treten.<\/p>\n<p><a href=\"http:\/\/sypla.acceptatie.bsmedia.nl\/kontakt\/?lang=de\">Klicken Sie hier f\u00fcr unsere Kontaktdaten.<\/a><\/p>\n<p>&nbsp;<\/p>\n","protected":false},"excerpt":{"rendered":"<p>Willkommen auf der Webseite von Sypla International BV, Hersteller bew\u00e4hrter Top-Qualit\u00e4t-Partitionen. Die meisten von uns werden einen gro\u00dfen Teil ihrer Zeit arbeiten, damit wir bequem leben. Es ist daher von [&hellip;]<\/p>\n","protected":false},"author":1,"featured_media":1428,"parent":0,"menu_order":0,"comment_status":"closed","ping_status":"open","template":"","meta":{"_genesis_hide_title":false,"_genesis_hide_breadcrumbs":false,"_genesis_hide_singular_image":false,"_genesis_hide_footer_widgets":false,"_genesis_custom_body_class":"","_genesis_custom_post_class":"","_genesis_layout":"","footnotes":""},"class_list":{"0":"post-552","1":"page","2":"type-page","3":"status-publish","4":"has-post-thumbnail","6":"entry"},"yoast_head":"<!-- This site is optimized with the Yoast SEO plugin v27.3 - https:\/\/yoast.com\/product\/yoast-seo-wordpress\/ -->\n<title>Startseite | Sypla<\/title>\n<meta name=\"description\" content=\"Wir sind Hersteller von Glasw\u00e4nden, geschlossenen Trennw\u00e4nden und Reinr\u00e4umen.\" \/>\n<meta name=\"robots\" content=\"index, follow, max-snippet:-1, max-image-preview:large, max-video-preview:-1\" \/>\n<link rel=\"canonical\" href=\"https:\/\/www.sypla.com\/de\/startseite\/\" \/>\n<meta property=\"og:locale\" content=\"de_DE\" \/>\n<meta property=\"og:type\" content=\"article\" \/>\n<meta property=\"og:title\" content=\"Startseite | Sypla\" \/>\n<meta property=\"og:description\" content=\"Wir sind Hersteller von Glasw\u00e4nden, geschlossenen Trennw\u00e4nden und Reinr\u00e4umen.\" \/>\n<meta property=\"og:url\" content=\"https:\/\/www.sypla.com\/de\/startseite\/\" \/>\n<meta property=\"og:site_name\" content=\"Sypla\" \/>\n<meta property=\"article:modified_time\" content=\"2025-09-22T13:12:24+00:00\" \/>\n<meta property=\"og:image\" content=\"https:\/\/www.sypla.com\/wp-content\/uploads\/2016\/09\/post.consultancy-32-1024x683.jpg\" \/>\n\t<meta property=\"og:image:width\" content=\"1024\" \/>\n\t<meta property=\"og:image:height\" content=\"683\" \/>\n\t<meta property=\"og:image:type\" content=\"image\/jpeg\" \/>\n<meta name=\"twitter:card\" content=\"summary_large_image\" \/>\n<meta name=\"twitter:site\" content=\"@SyplaWanden\" \/>\n<meta name=\"twitter:label1\" content=\"Gesch\u00e4tzte Lesezeit\" \/>\n\t<meta name=\"twitter:data1\" content=\"1\u00a0Minute\" \/>\n<script type=\"application\/ld+json\" class=\"yoast-schema-graph\">{\"@context\":\"https:\\\/\\\/schema.org\",\"@graph\":[{\"@type\":\"WebPage\",\"@id\":\"https:\\\/\\\/www.sypla.com\\\/de\\\/startseite\\\/\",\"url\":\"https:\\\/\\\/www.sypla.com\\\/de\\\/startseite\\\/\",\"name\":\"Startseite | Sypla\",\"isPartOf\":{\"@id\":\"https:\\\/\\\/www.sypla.com\\\/#website\"},\"primaryImageOfPage\":{\"@id\":\"https:\\\/\\\/www.sypla.com\\\/de\\\/startseite\\\/#primaryimage\"},\"image\":{\"@id\":\"https:\\\/\\\/www.sypla.com\\\/de\\\/startseite\\\/#primaryimage\"},\"thumbnailUrl\":\"https:\\\/\\\/www.sypla.com\\\/wp-content\\\/uploads\\\/2016\\\/09\\\/post.consultancy-32.jpg\",\"datePublished\":\"2016-11-03T09:49:45+00:00\",\"dateModified\":\"2025-09-22T13:12:24+00:00\",\"description\":\"Wir sind Hersteller von Glasw\u00e4nden, geschlossenen Trennw\u00e4nden und Reinr\u00e4umen.\",\"breadcrumb\":{\"@id\":\"https:\\\/\\\/www.sypla.com\\\/de\\\/startseite\\\/#breadcrumb\"},\"inLanguage\":\"de\",\"potentialAction\":[{\"@type\":\"ReadAction\",\"target\":[\"https:\\\/\\\/www.sypla.com\\\/de\\\/startseite\\\/\"]}]},{\"@type\":\"ImageObject\",\"inLanguage\":\"de\",\"@id\":\"https:\\\/\\\/www.sypla.com\\\/de\\\/startseite\\\/#primaryimage\",\"url\":\"https:\\\/\\\/www.sypla.com\\\/wp-content\\\/uploads\\\/2016\\\/09\\\/post.consultancy-32.jpg\",\"contentUrl\":\"https:\\\/\\\/www.sypla.com\\\/wp-content\\\/uploads\\\/2016\\\/09\\\/post.consultancy-32.jpg\",\"width\":2560,\"height\":1707,\"caption\":\"Project Wanpla Kampen B.V.\"},{\"@type\":\"BreadcrumbList\",\"@id\":\"https:\\\/\\\/www.sypla.com\\\/de\\\/startseite\\\/#breadcrumb\",\"itemListElement\":[{\"@type\":\"ListItem\",\"position\":1,\"name\":\"Home\",\"item\":\"https:\\\/\\\/www.sypla.com\\\/de\\\/startseite\\\/\"},{\"@type\":\"ListItem\",\"position\":2,\"name\":\"Startseite\"}]},{\"@type\":\"WebSite\",\"@id\":\"https:\\\/\\\/www.sypla.com\\\/#website\",\"url\":\"https:\\\/\\\/www.sypla.com\\\/\",\"name\":\"Sypla\",\"description\":\"\",\"publisher\":{\"@id\":\"https:\\\/\\\/www.sypla.com\\\/#organization\"},\"potentialAction\":[{\"@type\":\"SearchAction\",\"target\":{\"@type\":\"EntryPoint\",\"urlTemplate\":\"https:\\\/\\\/www.sypla.com\\\/?s={search_term_string}\"},\"query-input\":{\"@type\":\"PropertyValueSpecification\",\"valueRequired\":true,\"valueName\":\"search_term_string\"}}],\"inLanguage\":\"de\"},{\"@type\":\"Organization\",\"@id\":\"https:\\\/\\\/www.sypla.com\\\/#organization\",\"name\":\"Sypla\",\"url\":\"https:\\\/\\\/www.sypla.com\\\/\",\"logo\":{\"@type\":\"ImageObject\",\"inLanguage\":\"de\",\"@id\":\"https:\\\/\\\/www.sypla.com\\\/#\\\/schema\\\/logo\\\/image\\\/\",\"url\":\"https:\\\/\\\/www.sypla.com\\\/wp-content\\\/uploads\\\/2016\\\/07\\\/Sypla.png\",\"contentUrl\":\"https:\\\/\\\/www.sypla.com\\\/wp-content\\\/uploads\\\/2016\\\/07\\\/Sypla.png\",\"width\":183,\"height\":46,\"caption\":\"Sypla\"},\"image\":{\"@id\":\"https:\\\/\\\/www.sypla.com\\\/#\\\/schema\\\/logo\\\/image\\\/\"},\"sameAs\":[\"https:\\\/\\\/x.com\\\/SyplaWanden\"]}]}<\/script>\n<!-- \/ Yoast SEO plugin. -->","yoast_head_json":{"title":"Startseite | Sypla","description":"Wir sind Hersteller von Glasw\u00e4nden, geschlossenen Trennw\u00e4nden und Reinr\u00e4umen.","robots":{"index":"index","follow":"follow","max-snippet":"max-snippet:-1","max-image-preview":"max-image-preview:large","max-video-preview":"max-video-preview:-1"},"canonical":"https:\/\/www.sypla.com\/de\/startseite\/","og_locale":"de_DE","og_type":"article","og_title":"Startseite | Sypla","og_description":"Wir sind Hersteller von Glasw\u00e4nden, geschlossenen Trennw\u00e4nden und Reinr\u00e4umen.","og_url":"https:\/\/www.sypla.com\/de\/startseite\/","og_site_name":"Sypla","article_modified_time":"2025-09-22T13:12:24+00:00","og_image":[{"width":1024,"height":683,"url":"https:\/\/www.sypla.com\/wp-content\/uploads\/2016\/09\/post.consultancy-32-1024x683.jpg","type":"image\/jpeg"}],"twitter_card":"summary_large_image","twitter_site":"@SyplaWanden","twitter_misc":{"Gesch\u00e4tzte Lesezeit":"1\u00a0Minute"},"schema":{"@context":"https:\/\/schema.org","@graph":[{"@type":"WebPage","@id":"https:\/\/www.sypla.com\/de\/startseite\/","url":"https:\/\/www.sypla.com\/de\/startseite\/","name":"Startseite | Sypla","isPartOf":{"@id":"https:\/\/www.sypla.com\/#website"},"primaryImageOfPage":{"@id":"https:\/\/www.sypla.com\/de\/startseite\/#primaryimage"},"image":{"@id":"https:\/\/www.sypla.com\/de\/startseite\/#primaryimage"},"thumbnailUrl":"https:\/\/www.sypla.com\/wp-content\/uploads\/2016\/09\/post.consultancy-32.jpg","datePublished":"2016-11-03T09:49:45+00:00","dateModified":"2025-09-22T13:12:24+00:00","description":"Wir sind Hersteller von Glasw\u00e4nden, geschlossenen Trennw\u00e4nden und Reinr\u00e4umen.","breadcrumb":{"@id":"https:\/\/www.sypla.com\/de\/startseite\/#breadcrumb"},"inLanguage":"de","potentialAction":[{"@type":"ReadAction","target":["https:\/\/www.sypla.com\/de\/startseite\/"]}]},{"@type":"ImageObject","inLanguage":"de","@id":"https:\/\/www.sypla.com\/de\/startseite\/#primaryimage","url":"https:\/\/www.sypla.com\/wp-content\/uploads\/2016\/09\/post.consultancy-32.jpg","contentUrl":"https:\/\/www.sypla.com\/wp-content\/uploads\/2016\/09\/post.consultancy-32.jpg","width":2560,"height":1707,"caption":"Project Wanpla Kampen B.V."},{"@type":"BreadcrumbList","@id":"https:\/\/www.sypla.com\/de\/startseite\/#breadcrumb","itemListElement":[{"@type":"ListItem","position":1,"name":"Home","item":"https:\/\/www.sypla.com\/de\/startseite\/"},{"@type":"ListItem","position":2,"name":"Startseite"}]},{"@type":"WebSite","@id":"https:\/\/www.sypla.com\/#website","url":"https:\/\/www.sypla.com\/","name":"Sypla","description":"","publisher":{"@id":"https:\/\/www.sypla.com\/#organization"},"potentialAction":[{"@type":"SearchAction","target":{"@type":"EntryPoint","urlTemplate":"https:\/\/www.sypla.com\/?s={search_term_string}"},"query-input":{"@type":"PropertyValueSpecification","valueRequired":true,"valueName":"search_term_string"}}],"inLanguage":"de"},{"@type":"Organization","@id":"https:\/\/www.sypla.com\/#organization","name":"Sypla","url":"https:\/\/www.sypla.com\/","logo":{"@type":"ImageObject","inLanguage":"de","@id":"https:\/\/www.sypla.com\/#\/schema\/logo\/image\/","url":"https:\/\/www.sypla.com\/wp-content\/uploads\/2016\/07\/Sypla.png","contentUrl":"https:\/\/www.sypla.com\/wp-content\/uploads\/2016\/07\/Sypla.png","width":183,"height":46,"caption":"Sypla"},"image":{"@id":"https:\/\/www.sypla.com\/#\/schema\/logo\/image\/"},"sameAs":["https:\/\/x.com\/SyplaWanden"]}]}},"_links":{"self":[{"href":"https:\/\/www.sypla.com\/de\/wp-json\/wp\/v2\/pages\/552","targetHints":{"allow":["GET"]}}],"collection":[{"href":"https:\/\/www.sypla.com\/de\/wp-json\/wp\/v2\/pages"}],"about":[{"href":"https:\/\/www.sypla.com\/de\/wp-json\/wp\/v2\/types\/page"}],"author":[{"embeddable":true,"href":"https:\/\/www.sypla.com\/de\/wp-json\/wp\/v2\/users\/1"}],"replies":[{"embeddable":true,"href":"https:\/\/www.sypla.com\/de\/wp-json\/wp\/v2\/comments?post=552"}],"version-history":[{"count":2,"href":"https:\/\/www.sypla.com\/de\/wp-json\/wp\/v2\/pages\/552\/revisions"}],"predecessor-version":[{"id":1757,"href":"https:\/\/www.sypla.com\/de\/wp-json\/wp\/v2\/pages\/552\/revisions\/1757"}],"wp:featuredmedia":[{"embeddable":true,"href":"https:\/\/www.sypla.com\/de\/wp-json\/wp\/v2\/media\/1428"}],"wp:attachment":[{"href":"https:\/\/www.sypla.com\/de\/wp-json\/wp\/v2\/media?parent=552"}],"curies":[{"name":"wp","href":"https:\/\/api.w.org\/{rel}","templated":true}]}}