{"id":521,"date":"2016-10-07T12:25:01","date_gmt":"2016-10-07T10:25:01","guid":{"rendered":"https:\/\/www.sypla.com\/?page_id=521&#038;lang=de"},"modified":"2016-10-07T12:25:01","modified_gmt":"2016-10-07T10:25:01","slug":"danke","status":"publish","type":"page","link":"https:\/\/www.sypla.com\/de\/kontakt\/danke\/","title":{"rendered":"Danke"},"content":{"rendered":"<p>Danke!<\/p>\n<p>Vielen Dank f\u00fcr Ihren Zeit die Sie ben\u00fctzt haben unsere Seite zu besuchen. Vielleicht suchten Sie einen Kontaktm\u00f6glichkeit, eine Spezifikation eines unsere Produkte oder Inspirationen. Wir erhoffen das Sie in jeder Fall gefunden haben was Sie suchen.<\/p>\n<p>Wir sind immer daran interessiert was Sie suchen, gerade auch wenn Sie es hier nicht gefunden haben. Bitte nehmen sie Kontakt auf damit wir Ihnen weiter helfen k\u00f6nnen.<\/p>\n<p>In Nahmen des Sypla Team, Vielen Dank!<\/p>\n","protected":false},"excerpt":{"rendered":"<p>Danke! Vielen Dank f\u00fcr Ihren Zeit die Sie ben\u00fctzt haben unsere Seite zu besuchen. Vielleicht suchten Sie einen Kontaktm\u00f6glichkeit, eine Spezifikation eines unsere Produkte oder Inspirationen. Wir erhoffen das Sie [&hellip;]<\/p>\n","protected":false},"author":3,"featured_media":0,"parent":548,"menu_order":0,"comment_status":"closed","ping_status":"closed","template":"","meta":{"_genesis_hide_title":false,"_genesis_hide_breadcrumbs":false,"_genesis_hide_singular_image":false,"_genesis_hide_footer_widgets":false,"_genesis_custom_body_class":"","_genesis_custom_post_class":"","_genesis_layout":"","footnotes":""},"class_list":{"0":"post-521","1":"page","2":"type-page","3":"status-publish","5":"entry"},"yoast_head":"<!-- This site is optimized with the Yoast SEO plugin v27.3 - https:\/\/yoast.com\/product\/yoast-seo-wordpress\/ -->\n<title>Danke | Sypla<\/title>\n<meta name=\"robots\" content=\"index, follow, max-snippet:-1, max-image-preview:large, max-video-preview:-1\" \/>\n<link rel=\"canonical\" href=\"https:\/\/www.sypla.com\/de\/kontakt\/danke\/\" \/>\n<meta property=\"og:locale\" content=\"de_DE\" \/>\n<meta property=\"og:type\" content=\"article\" \/>\n<meta property=\"og:title\" content=\"Danke | Sypla\" \/>\n<meta property=\"og:description\" content=\"Danke! Vielen Dank f\u00fcr Ihren Zeit die Sie ben\u00fctzt haben unsere Seite zu besuchen. Vielleicht suchten Sie einen Kontaktm\u00f6glichkeit, eine Spezifikation eines unsere Produkte oder Inspirationen. Wir erhoffen das Sie [&hellip;]\" \/>\n<meta property=\"og:url\" content=\"https:\/\/www.sypla.com\/de\/kontakt\/danke\/\" \/>\n<meta property=\"og:site_name\" content=\"Sypla\" \/>\n<meta property=\"og:image\" content=\"https:\/\/www.sypla.com\/wp-content\/uploads\/2016\/07\/Sypla.png\" \/>\n\t<meta property=\"og:image:width\" content=\"183\" \/>\n\t<meta property=\"og:image:height\" content=\"46\" \/>\n\t<meta property=\"og:image:type\" content=\"image\/png\" \/>\n<meta name=\"twitter:card\" content=\"summary_large_image\" \/>\n<meta name=\"twitter:site\" content=\"@SyplaWanden\" \/>\n<script type=\"application\/ld+json\" class=\"yoast-schema-graph\">{\"@context\":\"https:\\\/\\\/schema.org\",\"@graph\":[{\"@type\":\"WebPage\",\"@id\":\"https:\\\/\\\/www.sypla.com\\\/de\\\/kontakt\\\/danke\\\/\",\"url\":\"https:\\\/\\\/www.sypla.com\\\/de\\\/kontakt\\\/danke\\\/\",\"name\":\"Danke | Sypla\",\"isPartOf\":{\"@id\":\"https:\\\/\\\/www.sypla.com\\\/#website\"},\"datePublished\":\"2016-10-07T10:25:01+00:00\",\"breadcrumb\":{\"@id\":\"https:\\\/\\\/www.sypla.com\\\/de\\\/kontakt\\\/danke\\\/#breadcrumb\"},\"inLanguage\":\"de\",\"potentialAction\":[{\"@type\":\"ReadAction\",\"target\":[\"https:\\\/\\\/www.sypla.com\\\/de\\\/kontakt\\\/danke\\\/\"]}]},{\"@type\":\"BreadcrumbList\",\"@id\":\"https:\\\/\\\/www.sypla.com\\\/de\\\/kontakt\\\/danke\\\/#breadcrumb\",\"itemListElement\":[{\"@type\":\"ListItem\",\"position\":1,\"name\":\"Home\",\"item\":\"https:\\\/\\\/www.sypla.com\\\/de\\\/startseite\\\/\"},{\"@type\":\"ListItem\",\"position\":2,\"name\":\"Kontakt\",\"item\":\"https:\\\/\\\/www.sypla.com\\\/de\\\/kontakt\\\/\"},{\"@type\":\"ListItem\",\"position\":3,\"name\":\"Danke\"}]},{\"@type\":\"WebSite\",\"@id\":\"https:\\\/\\\/www.sypla.com\\\/#website\",\"url\":\"https:\\\/\\\/www.sypla.com\\\/\",\"name\":\"Sypla\",\"description\":\"\",\"publisher\":{\"@id\":\"https:\\\/\\\/www.sypla.com\\\/#organization\"},\"potentialAction\":[{\"@type\":\"SearchAction\",\"target\":{\"@type\":\"EntryPoint\",\"urlTemplate\":\"https:\\\/\\\/www.sypla.com\\\/?s={search_term_string}\"},\"query-input\":{\"@type\":\"PropertyValueSpecification\",\"valueRequired\":true,\"valueName\":\"search_term_string\"}}],\"inLanguage\":\"de\"},{\"@type\":\"Organization\",\"@id\":\"https:\\\/\\\/www.sypla.com\\\/#organization\",\"name\":\"Sypla\",\"url\":\"https:\\\/\\\/www.sypla.com\\\/\",\"logo\":{\"@type\":\"ImageObject\",\"inLanguage\":\"de\",\"@id\":\"https:\\\/\\\/www.sypla.com\\\/#\\\/schema\\\/logo\\\/image\\\/\",\"url\":\"https:\\\/\\\/www.sypla.com\\\/wp-content\\\/uploads\\\/2016\\\/07\\\/Sypla.png\",\"contentUrl\":\"https:\\\/\\\/www.sypla.com\\\/wp-content\\\/uploads\\\/2016\\\/07\\\/Sypla.png\",\"width\":183,\"height\":46,\"caption\":\"Sypla\"},\"image\":{\"@id\":\"https:\\\/\\\/www.sypla.com\\\/#\\\/schema\\\/logo\\\/image\\\/\"},\"sameAs\":[\"https:\\\/\\\/x.com\\\/SyplaWanden\"]}]}<\/script>\n<!-- \/ Yoast SEO plugin. -->","yoast_head_json":{"title":"Danke | Sypla","robots":{"index":"index","follow":"follow","max-snippet":"max-snippet:-1","max-image-preview":"max-image-preview:large","max-video-preview":"max-video-preview:-1"},"canonical":"https:\/\/www.sypla.com\/de\/kontakt\/danke\/","og_locale":"de_DE","og_type":"article","og_title":"Danke | Sypla","og_description":"Danke! Vielen Dank f\u00fcr Ihren Zeit die Sie ben\u00fctzt haben unsere Seite zu besuchen. Vielleicht suchten Sie einen Kontaktm\u00f6glichkeit, eine Spezifikation eines unsere Produkte oder Inspirationen. Wir erhoffen das Sie [&hellip;]","og_url":"https:\/\/www.sypla.com\/de\/kontakt\/danke\/","og_site_name":"Sypla","og_image":[{"width":183,"height":46,"url":"https:\/\/www.sypla.com\/wp-content\/uploads\/2016\/07\/Sypla.png","type":"image\/png"}],"twitter_card":"summary_large_image","twitter_site":"@SyplaWanden","schema":{"@context":"https:\/\/schema.org","@graph":[{"@type":"WebPage","@id":"https:\/\/www.sypla.com\/de\/kontakt\/danke\/","url":"https:\/\/www.sypla.com\/de\/kontakt\/danke\/","name":"Danke | Sypla","isPartOf":{"@id":"https:\/\/www.sypla.com\/#website"},"datePublished":"2016-10-07T10:25:01+00:00","breadcrumb":{"@id":"https:\/\/www.sypla.com\/de\/kontakt\/danke\/#breadcrumb"},"inLanguage":"de","potentialAction":[{"@type":"ReadAction","target":["https:\/\/www.sypla.com\/de\/kontakt\/danke\/"]}]},{"@type":"BreadcrumbList","@id":"https:\/\/www.sypla.com\/de\/kontakt\/danke\/#breadcrumb","itemListElement":[{"@type":"ListItem","position":1,"name":"Home","item":"https:\/\/www.sypla.com\/de\/startseite\/"},{"@type":"ListItem","position":2,"name":"Kontakt","item":"https:\/\/www.sypla.com\/de\/kontakt\/"},{"@type":"ListItem","position":3,"name":"Danke"}]},{"@type":"WebSite","@id":"https:\/\/www.sypla.com\/#website","url":"https:\/\/www.sypla.com\/","name":"Sypla","description":"","publisher":{"@id":"https:\/\/www.sypla.com\/#organization"},"potentialAction":[{"@type":"SearchAction","target":{"@type":"EntryPoint","urlTemplate":"https:\/\/www.sypla.com\/?s={search_term_string}"},"query-input":{"@type":"PropertyValueSpecification","valueRequired":true,"valueName":"search_term_string"}}],"inLanguage":"de"},{"@type":"Organization","@id":"https:\/\/www.sypla.com\/#organization","name":"Sypla","url":"https:\/\/www.sypla.com\/","logo":{"@type":"ImageObject","inLanguage":"de","@id":"https:\/\/www.sypla.com\/#\/schema\/logo\/image\/","url":"https:\/\/www.sypla.com\/wp-content\/uploads\/2016\/07\/Sypla.png","contentUrl":"https:\/\/www.sypla.com\/wp-content\/uploads\/2016\/07\/Sypla.png","width":183,"height":46,"caption":"Sypla"},"image":{"@id":"https:\/\/www.sypla.com\/#\/schema\/logo\/image\/"},"sameAs":["https:\/\/x.com\/SyplaWanden"]}]}},"_links":{"self":[{"href":"https:\/\/www.sypla.com\/de\/wp-json\/wp\/v2\/pages\/521","targetHints":{"allow":["GET"]}}],"collection":[{"href":"https:\/\/www.sypla.com\/de\/wp-json\/wp\/v2\/pages"}],"about":[{"href":"https:\/\/www.sypla.com\/de\/wp-json\/wp\/v2\/types\/page"}],"author":[{"embeddable":true,"href":"https:\/\/www.sypla.com\/de\/wp-json\/wp\/v2\/users\/3"}],"replies":[{"embeddable":true,"href":"https:\/\/www.sypla.com\/de\/wp-json\/wp\/v2\/comments?post=521"}],"version-history":[{"count":1,"href":"https:\/\/www.sypla.com\/de\/wp-json\/wp\/v2\/pages\/521\/revisions"}],"predecessor-version":[{"id":522,"href":"https:\/\/www.sypla.com\/de\/wp-json\/wp\/v2\/pages\/521\/revisions\/522"}],"up":[{"embeddable":true,"href":"https:\/\/www.sypla.com\/de\/wp-json\/wp\/v2\/pages\/548"}],"wp:attachment":[{"href":"https:\/\/www.sypla.com\/de\/wp-json\/wp\/v2\/media?parent=521"}],"curies":[{"name":"wp","href":"https:\/\/api.w.org\/{rel}","templated":true}]}}